{"id":5212,"date":"2025-10-09T09:34:00","date_gmt":"2025-10-09T07:34:00","guid":{"rendered":"https:\/\/jfb-stiftung.de\/st-klara-altoetting\/barrierefreiheit\/"},"modified":"2025-10-09T12:21:36","modified_gmt":"2025-10-09T10:21:36","slug":"barrierefreiheit","status":"publish","type":"page","link":"https:\/\/jfb-stiftung.de\/st-klara-altoetting\/barrierefreiheit\/","title":{"rendered":"Barrierefreiheit"},"content":{"rendered":"\t\t<div data-elementor-type=\"wp-page\" data-elementor-id=\"5212\" class=\"elementor elementor-5212\" data-elementor-post-type=\"page\">\n\t\t\t\t\t\t<section class=\"elementor-section elementor-top-section elementor-element elementor-element-1a185d0f elementor-section-stretched elementor-section-content-top container-main  elementor-section-boxed elementor-section-height-default elementor-section-height-default\" data-id=\"1a185d0f\" data-element_type=\"section\" data-e-type=\"section\" data-settings=\"{&quot;background_background&quot;:&quot;classic&quot;,&quot;stretch_section&quot;:&quot;section-stretched&quot;}\">\n\t\t\t\t\t\t<div class=\"elementor-container elementor-column-gap-default\">\n\t\t\t\t\t<section class=\"elementor-column elementor-col-100 elementor-top-column elementor-element elementor-element-361c8474\" data-id=\"361c8474\" data-element_type=\"column\" data-e-type=\"column\">\n\t\t\t<div class=\"elementor-widget-wrap elementor-element-populated\">\n\t\t\t\t\t\t<div class=\"elementor-element elementor-element-5240d76d elementor-widget elementor-widget-wp-widget-xyz_insert_php_widget\" data-id=\"5240d76d\" data-element_type=\"widget\" data-e-type=\"widget\" data-widget_type=\"wp-widget-xyz_insert_php_widget.default\">\n\t\t\t\t<div class=\"elementor-widget-container\">\n\t\t\t\t\t<h5> <\/h5><nav aria-label=\"breadcrumbs\" class=\"rank-math-breadcrumb\"><p><span class=\"last\">Startseite<\/span><\/p><\/nav>\t\t\t\t<\/div>\n\t\t\t\t<\/div>\n\t\t\t\t<div class=\"elementor-element elementor-element-e77c8cd elementor-widget elementor-widget-spacer\" data-id=\"e77c8cd\" data-element_type=\"widget\" data-e-type=\"widget\" data-widget_type=\"spacer.default\">\n\t\t\t\t<div class=\"elementor-widget-container\">\n\t\t\t\t\t\t\t<div class=\"elementor-spacer\">\n\t\t\t<div class=\"elementor-spacer-inner\"><\/div>\n\t\t<\/div>\n\t\t\t\t\t\t<\/div>\n\t\t\t\t<\/div>\n\t\t\t\t<section class=\"elementor-section elementor-inner-section elementor-element elementor-element-761f8e9 elementor-section-content-bottom elementor-section-boxed elementor-section-height-default elementor-section-height-default\" data-id=\"761f8e9\" data-element_type=\"section\" data-e-type=\"section\">\n\t\t\t\t\t\t<div class=\"elementor-container elementor-column-gap-extended\">\n\t\t\t\t\t<div class=\"elementor-column elementor-col-100 elementor-inner-column elementor-element elementor-element-0c54deb\" data-id=\"0c54deb\" data-element_type=\"column\" data-e-type=\"column\">\n\t\t\t<div class=\"elementor-widget-wrap elementor-element-populated\">\n\t\t\t\t\t\t<div class=\"elementor-element elementor-element-20a0d18 elementor-widget elementor-widget-text-editor\" data-id=\"20a0d18\" data-element_type=\"widget\" data-e-type=\"widget\" data-widget_type=\"text-editor.default\">\n\t\t\t\t<div class=\"elementor-widget-container\">\n\t\t\t\t\t\t\t\t\t<p><strong>Erkl\u00e4rungen zur Barrierefreiheit<br \/><\/strong>Die Jacob Friedrich Bussereau Stiftung ist bem\u00fcht, seine\/ihre Webseiten in Einklang mit dem Landesgesetz zur Gleichstellung, Inklusion und Teilhabe von Menschen mit Behinderungen (InklG RP) und der Verordnung zur Durchsetzung des Gesetzes (BITV RP) barrierefrei zug\u00e4nglich zu machen. <br \/>Diese Erkl\u00e4rung zur Barrierefreiheit gilt f\u00fcr die Domain: <a href=\"https:\/\/dashboard.eye-able.com\/report\/accessibility-statement\/jfb-stiftung.de\">jfb-stiftung.de<\/a>.<\/p><p><strong>Stand der Vereinbarkeit mit den Anforderungen<br \/><\/strong>Unsere Dienstleistungen sind f\u00fcr Menschen mit Behinderungen in der allgemein \u00fcblichen Weise, ohne besondere Erschwernis und grunds\u00e4tzlich ohne fremde Hilfe auffindbar, zug\u00e4nglich und nutzbar.<br \/>Diese Website ist wegen der folgenden Unvereinbarkeiten oder Ausnahmen teilweise mit dem InklG RP und BITV-RP vereinbar.<\/p><p><strong>Nicht barrierefreie Inhalte<br \/><\/strong><strong>Die folgenden Inhalte sind nicht barrierefrei, da sie nicht mit der zugrundeliegenden harmonisierten Norm EN 301 549 vereinbar sind:<\/strong><\/p><ul><li>Auf einzelnen Seiten gibt es Links ohne Linktext.<\/li><li>Auf allen Seiten ist der Kontrast zwischen Text und Hintergrund zu gering.<\/li><li>Auf einzelnen Seiten gibt es \u00dcberschriften, die keine Beschriftung haben oder das Attribut aria-hidden enthalten und somit f\u00fcr Screenreader nicht erreichbar sind.<\/li><li>Auf einzelnen Seiten gibt es ung\u00fcltige Aria-Attribute Werte. Diese werden von Screenreadern nicht erfasst und entsprechend nicht korrekt ausgegeben.<\/li><li>Auf fast allen Seiten gibt es Elemente mit dem Attribut Aria-hidden, die gleichzeitig fokussierbar sind. Dadurch sind diese Elemente f\u00fcr Hilfstechnologien erreichbar, obwohl diese verborgen sein sollten.<\/li><\/ul><p>Die Jacob Friedrich Bussereau Stiftung ist bem\u00fcht, wichtige Inhalte schrittweise barrierefrei zur Verf\u00fcgung zu stellen und arbeitet dahingehend kontinuierlich an der Verbesserung des Webauftritts.<br \/>Diese Erkl\u00e4rung wurde am\u00a0<strong>06.10.2025<\/strong>\u00a0erstellt. Die Erkl\u00e4rung wurde mithilfe der Eye-Able\u00ae Technologie der\u00a0<a href=\"https:\/\/eye-able.com\/\" rel=\"nofollow noopener\" target=\"_blank\">Web Inclusion GmbH<\/a>\u00a0erstellt. Eye-Able Report \u00ae &#8211; ein Produkt der Web Inclusion GmbH &#8211; hat alle maschinell \u00fcberpr\u00fcfbaren Pr\u00fcfschritte durchlaufen.\u00a0Au\u00dferdem wurden auch manuelle Tests durchgef\u00fchrt.<\/p><p><strong>Schlichtungsstelle<br \/><\/strong>Sollte auf Ihre Anfrage zur Barrierefreiheit unseren Webseiten keine zufriedenstellende L\u00f6sung gefunden werden, k\u00f6nnen Sie sich an eine Schlichtungsstelle wenden. Sie hat die Aufgabe, Konflikte zwischen Menschen mit Behinderungen und \u00f6ffentlichen Stellen des Bundes zu l\u00f6sen. Dabei geht es nicht darum, Gewinner oder Verlierer zu finden. Vielmehr ist es das Ziel, mit Hilfe der Schlichtungsstelle gemeinsam und au\u00dfergerichtlich eine L\u00f6sung f\u00fcr ein Problem zu finden. Das Schlichtungsverfahren ist kostenlos. Sie brauchen auch keinen Rechtsbeistand. Sie erreichen die Schlichtungsstelle unter folgender Adresse:<\/p><p>Ministerium f\u00fcr Arbeit, Soziales, Transformation und Digitalisierung<br \/>Bauhofstra\u00dfe 9<br \/>55116\u00a0Mainz<br \/><a href=\"mailto:durchsetzungsstelle@msagd.rlp.de\">durchsetzungsstelle@msagd.rlp.de<\/a><br \/><a href=\"https:\/\/mastd.rlp.de\/themen\/soziales\/teilhabe-und-inklusion\" rel=\"nofollow noopener\" target=\"_blank\">https:\/\/mastd.rlp.de\/themen\/soziales\/teilhabe-und-inklusion<\/a><\/p><p><strong>R\u00fcckmeldung und Kontaktangaben<br \/><\/strong>Sie haben eine Anmerkung oder einen Hinweis zu Barrieren auf dieser Webseite? Bitte nehmen Sie mit uns Kontakt auf. Wir erkl\u00e4ren Ihnen, welche Barrieren bestehen. Sie k\u00f6nnen sich informieren, welche Ausnahmen wir gemacht haben. Wir beantworten Ihre Fragen schnellstm\u00f6glich, sp\u00e4testens jedoch innerhalb der gesetzlichen Frist von einem Monat. Vielen Dank f\u00fcr Ihr Feedback. Sie k\u00f6nnen uns \u00fcber folgende Adresse kontaktieren:<\/p><p>Cristin Cartharius-Benz<br \/>Bussereau Str. 18<br \/>76863\u00a0Herxheim<br \/><a href=\"mailto:Cristin.Cartharius-Benz@jfb-stiftung.de\">Cristin.Cartharius-Benz@jfb-stiftung.de<\/a><br \/>Tel.: 07276 507107<\/p><p><strong>Disclaimer<br \/><\/strong>Die automatische \u00dcberpr\u00fcfung der Webinhalte erfolgte am: 06.10.2025. F\u00fcr die Webinhalte beim Aufruf durch Eye-Able wurde der Browser Google Chrome in der Version 136.0.7103.92 verwendet. F\u00fcr die gepr\u00fcfte Anwendungsversion unter den spezifizierten Browser- und Betriebssystemparametern garantieren wir die Richtigkeit der gemachten Angaben. Bei Einsatz abweichender Versionen oder Umgebungen ist eine abweichende Darstellung m\u00f6glich, die von den hier gemachten Ergebnissen abweichen kann. F\u00fcr eine vollst\u00e4ndige Pr\u00fcfung sind auch manuelle Tests durch den Webseitenbetreiber zu empfehlen.<\/p>\t\t\t\t\t\t\t\t<\/div>\n\t\t\t\t<\/div>\n\t\t\t\t\t<\/div>\n\t\t<\/div>\n\t\t\t\t\t<\/div>\n\t\t<\/section>\n\t\t\t\t\t<\/div>\n\t\t<\/section>\n\t\t\t\t\t<\/div>\n\t\t<\/section>\n\t\t\t\t<\/div>\n\t\t","protected":false},"excerpt":{"rendered":"<p>Erkl\u00e4rungen zur BarrierefreiheitDie Jacob Friedrich Bussereau Stiftung ist bem\u00fcht, seine\/ihre Webseiten in Einklang mit dem Landesgesetz zur Gleichstellung, Inklusion und Teilhabe von Menschen mit Behinderungen (InklG RP) und der Verordnung \u2026<\/p>\n","protected":false},"author":2,"featured_media":0,"parent":0,"menu_order":910,"comment_status":"closed","ping_status":"closed","template":"","meta":{"_acf_changed":false,"footnotes":""},"class_list":["post-5212","page","type-page","status-publish","hentry"],"acf":[],"publishpress_future_action":{"enabled":false,"date":"2026-04-22 09:33:16","action":"change-status","newStatus":"draft","terms":[],"taxonomy":"","extraData":[]},"publishpress_future_workflow_manual_trigger":{"enabledWorkflows":[]},"_links":{"self":[{"href":"https:\/\/jfb-stiftung.de\/st-klara-altoetting\/wp-json\/wp\/v2\/pages\/5212","targetHints":{"allow":["GET"]}}],"collection":[{"href":"https:\/\/jfb-stiftung.de\/st-klara-altoetting\/wp-json\/wp\/v2\/pages"}],"about":[{"href":"https:\/\/jfb-stiftung.de\/st-klara-altoetting\/wp-json\/wp\/v2\/types\/page"}],"author":[{"embeddable":true,"href":"https:\/\/jfb-stiftung.de\/st-klara-altoetting\/wp-json\/wp\/v2\/users\/2"}],"replies":[{"embeddable":true,"href":"https:\/\/jfb-stiftung.de\/st-klara-altoetting\/wp-json\/wp\/v2\/comments?post=5212"}],"version-history":[{"count":3,"href":"https:\/\/jfb-stiftung.de\/st-klara-altoetting\/wp-json\/wp\/v2\/pages\/5212\/revisions"}],"predecessor-version":[{"id":5217,"href":"https:\/\/jfb-stiftung.de\/st-klara-altoetting\/wp-json\/wp\/v2\/pages\/5212\/revisions\/5217"}],"wp:attachment":[{"href":"https:\/\/jfb-stiftung.de\/st-klara-altoetting\/wp-json\/wp\/v2\/media?parent=5212"}],"curies":[{"name":"wp","href":"https:\/\/api.w.org\/{rel}","templated":true}]}}