{"id":32,"date":"2021-04-28T10:20:24","date_gmt":"2021-04-28T08:20:24","guid":{"rendered":"https:\/\/jfb-stiftung.de\/st-klara-altoetting\/?page_id=32"},"modified":"2026-03-12T08:22:38","modified_gmt":"2026-03-12T07:22:38","slug":"unsere-einrichtungen","status":"publish","type":"page","link":"https:\/\/jfb-stiftung.de\/st-klara-altoetting\/unsere-einrichtungen\/","title":{"rendered":"Unsere Einrichtungen"},"content":{"rendered":"\t\t<div data-elementor-type=\"wp-page\" data-elementor-id=\"32\" class=\"elementor elementor-32\" data-elementor-post-type=\"page\">\n\t\t\t\t\t\t<section class=\"elementor-section elementor-top-section elementor-element elementor-element-6177f698 elementor-section-full_width elementor-section-stretched elementor-section-height-default elementor-section-height-default\" data-id=\"6177f698\" data-element_type=\"section\" data-e-type=\"section\" data-settings=\"{&quot;stretch_section&quot;:&quot;section-stretched&quot;}\">\n\t\t\t\t\t\t<div class=\"elementor-container elementor-column-gap-no\">\n\t\t\t\t\t<div class=\"elementor-column elementor-col-100 elementor-top-column elementor-element elementor-element-605b739\" data-id=\"605b739\" data-element_type=\"column\" data-e-type=\"column\">\n\t\t\t<div class=\"elementor-widget-wrap elementor-element-populated\">\n\t\t\t\t\t\t<div class=\"elementor-element elementor-element-930d295 elementor--h-position-left elementor--v-position-bottom elementor-arrows-position-inside elementor-pagination-position-inside elementor-widget elementor-widget-slides\" data-id=\"930d295\" data-element_type=\"widget\" data-e-type=\"widget\" data-settings=\"{&quot;autoplay_speed&quot;:&quot;10000&quot;,&quot;navigation&quot;:&quot;both&quot;,&quot;autoplay&quot;:&quot;yes&quot;,&quot;pause_on_hover&quot;:&quot;yes&quot;,&quot;pause_on_interaction&quot;:&quot;yes&quot;,&quot;infinite&quot;:&quot;yes&quot;,&quot;transition&quot;:&quot;slide&quot;,&quot;transition_speed&quot;:500}\" data-widget_type=\"slides.default\">\n\t\t\t\t<div class=\"elementor-widget-container\">\n\t\t\t\t\t\t\t\t\t<div class=\"elementor-swiper\">\n\t\t\t\t\t<div class=\"elementor-slides-wrapper elementor-main-swiper swiper\" role=\"region\" aria-roledescription=\"carousel\" aria-label=\"Slider\" dir=\"ltr\" data-animation=\"fadeInLeft\">\n\t\t\t\t<div class=\"swiper-wrapper elementor-slides\">\n\t\t\t\t\t\t\t\t\t\t<div class=\"elementor-repeater-item-4c02bf4 swiper-slide\" role=\"group\" aria-roledescription=\"slide\"><div class=\"swiper-slide-bg\" role=\"img\" aria-label=\"charset=Ascii\"><\/div><div class=\"swiper-slide-inner\" ><div class=\"swiper-slide-contents\"><\/div><\/div><\/div>\t\t\t\t<\/div>\n\t\t\t\t\t\t\t<\/div>\n\t\t\t\t<\/div>\n\t\t\t\t\t\t\t\t<\/div>\n\t\t\t\t<\/div>\n\t\t\t\t\t<\/div>\n\t\t<\/div>\n\t\t\t\t\t<\/div>\n\t\t<\/section>\n\t\t\t\t<section class=\"elementor-section elementor-top-section elementor-element elementor-element-76324fbf elementor-section-stretched elementor-section-content-top container-main content-sidebars elementor-section-boxed elementor-section-height-default elementor-section-height-default\" data-id=\"76324fbf\" data-element_type=\"section\" data-e-type=\"section\" data-settings=\"{&quot;background_background&quot;:&quot;classic&quot;,&quot;stretch_section&quot;:&quot;section-stretched&quot;}\">\n\t\t\t\t\t\t<div class=\"elementor-container elementor-column-gap-default\">\n\t\t\t\t\t<section class=\"elementor-column elementor-col-50 elementor-top-column elementor-element elementor-element-59a1af47\" data-id=\"59a1af47\" data-element_type=\"column\" data-e-type=\"column\">\n\t\t\t<div class=\"elementor-widget-wrap elementor-element-populated\">\n\t\t\t\t\t\t<div class=\"elementor-element elementor-element-10a856e elementor-widget elementor-widget-spacer\" data-id=\"10a856e\" data-element_type=\"widget\" data-e-type=\"widget\" data-widget_type=\"spacer.default\">\n\t\t\t\t<div class=\"elementor-widget-container\">\n\t\t\t\t\t\t\t<div class=\"elementor-spacer\">\n\t\t\t<div class=\"elementor-spacer-inner\"><\/div>\n\t\t<\/div>\n\t\t\t\t\t\t<\/div>\n\t\t\t\t<\/div>\n\t\t\t\t<div class=\"elementor-element elementor-element-22e976f elementor-widget elementor-widget-wp-widget-xyz_insert_php_widget\" data-id=\"22e976f\" data-element_type=\"widget\" data-e-type=\"widget\" data-widget_type=\"wp-widget-xyz_insert_php_widget.default\">\n\t\t\t\t<div class=\"elementor-widget-container\">\n\t\t\t\t\t<h5> <\/h5><nav aria-label=\"breadcrumbs\" class=\"rank-math-breadcrumb\"><p><span class=\"last\">Startseite<\/span><\/p><\/nav>\t\t\t\t<\/div>\n\t\t\t\t<\/div>\n\t\t\t\t<div class=\"elementor-element elementor-element-2980bf9e hyphenate elementor-widget elementor-widget-theme-post-title elementor-page-title elementor-widget-heading\" data-id=\"2980bf9e\" data-element_type=\"widget\" data-e-type=\"widget\" data-widget_type=\"theme-post-title.default\">\n\t\t\t\t<div class=\"elementor-widget-container\">\n\t\t\t\t\t<h1 class=\"elementor-heading-title elementor-size-default\">Unsere Einrichtungen<\/h1>\t\t\t\t<\/div>\n\t\t\t\t<\/div>\n\t\t\t\t<div class=\"elementor-element elementor-element-d6e9ba1 elementor-widget elementor-widget-text-editor\" data-id=\"d6e9ba1\" data-element_type=\"widget\" data-e-type=\"widget\" data-widget_type=\"text-editor.default\">\n\t\t\t\t<div class=\"elementor-widget-container\">\n\t\t\t\t\t\t\t\t\t<p>Wir bieten in unserer Einrichtung vollstation\u00e4re Pflege, Kurzzeitpflege und Tagespflege an. Diese erfolgt nach dem Prinzip der Bezugspflege.<\/p><p>Unser Team von Mitarbeitenden steht f\u00fcr Sie als Ansprechpartner*in f\u00fcr W\u00fcnsche, Fragen, Sorgen und Pflege jederzeit bereit.<br \/>Die Pflegeleistungen werden je nach Pflegestufe erbracht, die wiederum von Mitarbeitenden des medizinischen Dienstes festgelegt werden.<\/p><p>Jeder Mensch, und das gilt besonders im Alter, braucht das Gef\u00fchl der Sicherheit, sich in allen betreuerischen und pflegerischen Fragen in guten H\u00e4nden zu wissen. Deshalb orientieren sich unsere Angebote des Wohnens, Lebens und der Pflege an den individuellen Bed\u00fcrfnissen unserer Bewohner*innen. Wir legen gro\u00dfen Wert auf die fachliche Beratung unserer Bewohner*innen und deren Angeh\u00f6rigen und Bezugspersonen.<\/p>\t\t\t\t\t\t\t\t<\/div>\n\t\t\t\t<\/div>\n\t\t\t\t<div class=\"elementor-element elementor-element-a58fdcd elementor-widget elementor-widget-spacer\" data-id=\"a58fdcd\" data-element_type=\"widget\" data-e-type=\"widget\" data-widget_type=\"spacer.default\">\n\t\t\t\t<div class=\"elementor-widget-container\">\n\t\t\t\t\t\t\t<div class=\"elementor-spacer\">\n\t\t\t<div class=\"elementor-spacer-inner\"><\/div>\n\t\t<\/div>\n\t\t\t\t\t\t<\/div>\n\t\t\t\t<\/div>\n\t\t\t\t\t<\/div>\n\t\t<\/section>\n\t\t\t\t<aside class=\"elementor-column elementor-col-50 elementor-top-column elementor-element elementor-element-f72558 sidebar\" data-id=\"f72558\" data-element_type=\"column\" data-e-type=\"column\">\n\t\t\t<div class=\"elementor-widget-wrap elementor-element-populated\">\n\t\t\t\t\t\t<div class=\"elementor-element elementor-element-7173db76 elementor-widget elementor-widget-spacer\" data-id=\"7173db76\" data-element_type=\"widget\" data-e-type=\"widget\" data-widget_type=\"spacer.default\">\n\t\t\t\t<div class=\"elementor-widget-container\">\n\t\t\t\t\t\t\t<div class=\"elementor-spacer\">\n\t\t\t<div class=\"elementor-spacer-inner\"><\/div>\n\t\t<\/div>\n\t\t\t\t\t\t<\/div>\n\t\t\t\t<\/div>\n\t\t\t\t<div class=\"elementor-element elementor-element-fd0cf66 hyphenate elementor-widget elementor-widget-heading\" data-id=\"fd0cf66\" data-element_type=\"widget\" data-e-type=\"widget\" data-widget_type=\"heading.default\">\n\t\t\t\t<div class=\"elementor-widget-container\">\n\t\t\t\t\t<h4 class=\"elementor-heading-title elementor-size-default\">Kontakt<\/h4>\t\t\t\t<\/div>\n\t\t\t\t<\/div>\n\t\t\t\t<div class=\"elementor-element elementor-element-e8e468b elementor-widget elementor-widget-image\" data-id=\"e8e468b\" data-element_type=\"widget\" data-e-type=\"widget\" data-widget_type=\"image.default\">\n\t\t\t\t<div class=\"elementor-widget-container\">\n\t\t\t\t\t\t\t\t\t\t\t\t\t\t\t<img fetchpriority=\"high\" decoding=\"async\" width=\"768\" height=\"1065\" src=\"https:\/\/jfb-stiftung.de\/st-klara-altoetting\/wp-content\/uploads\/sites\/10\/2023\/11\/Georg-Sigl-Lehner-Klara-AOe_midres-e1700643720897-768x1065.jpg\" class=\"attachment-medium_large size-medium_large wp-image-4268\" alt=\"\" srcset=\"https:\/\/jfb-stiftung.de\/st-klara-altoetting\/wp-content\/uploads\/sites\/10\/2023\/11\/Georg-Sigl-Lehner-Klara-AOe_midres-e1700643720897-768x1065.jpg 768w, https:\/\/jfb-stiftung.de\/st-klara-altoetting\/wp-content\/uploads\/sites\/10\/2023\/11\/Georg-Sigl-Lehner-Klara-AOe_midres-e1700643720897-721x1000.jpg 721w, https:\/\/jfb-stiftung.de\/st-klara-altoetting\/wp-content\/uploads\/sites\/10\/2023\/11\/Georg-Sigl-Lehner-Klara-AOe_midres-e1700643720897-866x1200.jpg 866w, https:\/\/jfb-stiftung.de\/st-klara-altoetting\/wp-content\/uploads\/sites\/10\/2023\/11\/Georg-Sigl-Lehner-Klara-AOe_midres-e1700643720897-1108x1536.jpg 1108w, https:\/\/jfb-stiftung.de\/st-klara-altoetting\/wp-content\/uploads\/sites\/10\/2023\/11\/Georg-Sigl-Lehner-Klara-AOe_midres-e1700643720897.jpg 1387w\" sizes=\"(max-width: 768px) 100vw, 768px\">\t\t\t\t\t\t\t\t\t\t\t\t\t\t\t<\/div>\n\t\t\t\t<\/div>\n\t\t\t\t<div class=\"elementor-element elementor-element-47e77104 elementor-widget elementor-widget-text-editor\" data-id=\"47e77104\" data-element_type=\"widget\" data-e-type=\"widget\" data-widget_type=\"text-editor.default\">\n\t\t\t\t<div class=\"elementor-widget-container\">\n\t\t\t\t\t\t\t\t\t<p><strong>Herr Georg Sigl-Lehner<br \/><\/strong><\/p>\t\t\t\t\t\t\t\t<\/div>\n\t\t\t\t<\/div>\n\t\t\t\t<div class=\"elementor-element elementor-element-514fe0f8 elementor-widget elementor-widget-global elementor-global-2152 elementor-widget-text-editor\" data-id=\"514fe0f8\" data-element_type=\"widget\" data-e-type=\"widget\" data-widget_type=\"text-editor.default\">\n\t\t\t\t<div class=\"elementor-widget-container\">\n\t\t\t\t\t\t\t\t\t<p>Herzog-Arnulf-Str. 10<br \/>84503 Alt\u00f6tting<br \/>Telefon:\u00a0<a href=\"tel:+4986719849-0\" target=\"_blank\" rel=\"noopener\">+49 (0) 86719849-0<\/a><br \/>E-Mail: <a href=\"mailto:st.klara@jfb-stiftung.de\" target=\"_blank\" rel=\"noopener\">st.klara@jfb-stiftung.de<\/a><\/p>\t\t\t\t\t\t\t\t<\/div>\n\t\t\t\t<\/div>\n\t\t\t\t<div class=\"elementor-element elementor-element-68a110d1 elementor-widget elementor-widget-spacer\" data-id=\"68a110d1\" data-element_type=\"widget\" data-e-type=\"widget\" data-widget_type=\"spacer.default\">\n\t\t\t\t<div class=\"elementor-widget-container\">\n\t\t\t\t\t\t\t<div class=\"elementor-spacer\">\n\t\t\t<div class=\"elementor-spacer-inner\"><\/div>\n\t\t<\/div>\n\t\t\t\t\t\t<\/div>\n\t\t\t\t<\/div>\n\t\t\t\t\t<\/div>\n\t\t<\/aside>\n\t\t\t\t\t<\/div>\n\t\t<\/section>\n\t\t\t\t<section class=\"elementor-section elementor-top-section elementor-element elementor-element-4ed3b058 elementor-section-stretched elementor-section-content-top container-main  elementor-section-boxed elementor-section-height-default elementor-section-height-default\" data-id=\"4ed3b058\" data-element_type=\"section\" data-e-type=\"section\" data-settings=\"{&quot;background_background&quot;:&quot;classic&quot;,&quot;stretch_section&quot;:&quot;section-stretched&quot;}\">\n\t\t\t\t\t\t<div class=\"elementor-container elementor-column-gap-default\">\n\t\t\t\t\t<section class=\"elementor-column elementor-col-100 elementor-top-column elementor-element elementor-element-3deac100\" data-id=\"3deac100\" data-element_type=\"column\" data-e-type=\"column\">\n\t\t\t<div class=\"elementor-widget-wrap elementor-element-populated\">\n\t\t\t\t\t\t<div class=\"elementor-element elementor-element-1bcbcdbf elementor-widget elementor-widget-heading\" data-id=\"1bcbcdbf\" data-element_type=\"widget\" data-e-type=\"widget\" data-widget_type=\"heading.default\">\n\t\t\t\t<div class=\"elementor-widget-container\">\n\t\t\t\t\t<h2 class=\"elementor-heading-title elementor-size-default\">Klaraheim - ein Zuhause zum Wohlf\u00fchlen<\/h2>\t\t\t\t<\/div>\n\t\t\t\t<\/div>\n\t\t\t\t<div class=\"elementor-element elementor-element-d5fa48 elementor-arrows-position-inside elementor-pagination-position-outside elementor-widget elementor-widget-image-carousel\" data-id=\"d5fa48\" data-element_type=\"widget\" data-e-type=\"widget\" data-settings=\"{&quot;autoplay_speed&quot;:10000,&quot;navigation&quot;:&quot;both&quot;,&quot;autoplay&quot;:&quot;yes&quot;,&quot;pause_on_hover&quot;:&quot;yes&quot;,&quot;pause_on_interaction&quot;:&quot;yes&quot;,&quot;infinite&quot;:&quot;yes&quot;,&quot;speed&quot;:500,&quot;image_spacing_custom&quot;:{&quot;unit&quot;:&quot;px&quot;,&quot;size&quot;:20,&quot;sizes&quot;:[]},&quot;image_spacing_custom_tablet&quot;:{&quot;unit&quot;:&quot;px&quot;,&quot;size&quot;:&quot;&quot;,&quot;sizes&quot;:[]},&quot;image_spacing_custom_mobile&quot;:{&quot;unit&quot;:&quot;px&quot;,&quot;size&quot;:&quot;&quot;,&quot;sizes&quot;:[]}}\" data-widget_type=\"image-carousel.default\">\n\t\t\t\t<div class=\"elementor-widget-container\">\n\t\t\t\t\t\t\t<div class=\"elementor-image-carousel-wrapper swiper\" role=\"region\" aria-roledescription=\"carousel\" aria-label=\"Bild Karussell\" dir=\"ltr\">\n\t\t\t<div class=\"elementor-image-carousel swiper-wrapper swiper-image-stretch\" aria-live=\"off\">\n\t\t\t\t\t\t\t\t<div class=\"swiper-slide\" role=\"group\" aria-roledescription=\"slide\" aria-label=\"1 von 5\"><a data-elementor-open-lightbox=\"yes\" data-elementor-lightbox-slideshow=\"d5fa48\" data-elementor-lightbox-title=\"charset=Ascii\" data-e-action-hash=\"#elementor-action%3Aaction%3Dlightbox%26settings%3DeyJpZCI6MjQ2NSwidXJsIjoiaHR0cHM6XC9cL2pmYi1zdGlmdHVuZy5kZVwvc3Qta2xhcmEtYWx0b2V0dGluZ1wvd3AtY29udGVudFwvdXBsb2Fkc1wvc2l0ZXNcLzEwXC8yMDIxXC8wNlwvVFBfUmVpc2NoYWNoX0dlYmFldWRlX1N0YW5kYmlsZC5qcGciLCJzbGlkZXNob3ciOiJkNWZhNDgifQ%3D%3D\" href=\"https:\/\/jfb-stiftung.de\/st-klara-altoetting\/wp-content\/uploads\/sites\/10\/2021\/06\/TP_Reischach_Gebaeude_Standbild.jpg\"><figure class=\"swiper-slide-inner\"><img decoding=\"async\" class=\"swiper-slide-image\" src=\"https:\/\/jfb-stiftung.de\/st-klara-altoetting\/wp-content\/uploads\/sites\/10\/2021\/06\/TP_Reischach_Gebaeude_Standbild-500x500.jpg\" alt=\"charset=Ascii\" \/><\/figure><\/a><\/div><div class=\"swiper-slide\" role=\"group\" aria-roledescription=\"slide\" aria-label=\"2 von 5\"><a data-elementor-open-lightbox=\"yes\" data-elementor-lightbox-slideshow=\"d5fa48\" data-elementor-lightbox-title=\"charset=Ascii\" data-e-action-hash=\"#elementor-action%3Aaction%3Dlightbox%26settings%3DeyJpZCI6MjM4OCwidXJsIjoiaHR0cHM6XC9cL2pmYi1zdGlmdHVuZy5kZVwvc3Qta2xhcmEtYWx0b2V0dGluZ1wvd3AtY29udGVudFwvdXBsb2Fkc1wvc2l0ZXNcLzEwXC8yMDIxXC8wNlwvR3J1ZW5hbmxhZ2VfS2xhcmFfU3RhbmRiaWxkLmpwZyIsInNsaWRlc2hvdyI6ImQ1ZmE0OCJ9\" href=\"https:\/\/jfb-stiftung.de\/st-klara-altoetting\/wp-content\/uploads\/sites\/10\/2021\/06\/Gruenanlage_Klara_Standbild.jpg\"><figure class=\"swiper-slide-inner\"><img decoding=\"async\" class=\"swiper-slide-image\" src=\"https:\/\/jfb-stiftung.de\/st-klara-altoetting\/wp-content\/uploads\/sites\/10\/2021\/06\/Gruenanlage_Klara_Standbild-500x500.jpg\" alt=\"charset=Ascii\" \/><\/figure><\/a><\/div><div class=\"swiper-slide\" role=\"group\" aria-roledescription=\"slide\" aria-label=\"3 von 5\"><a data-elementor-open-lightbox=\"yes\" data-elementor-lightbox-slideshow=\"d5fa48\" data-elementor-lightbox-title=\"charset=Ascii\" data-e-action-hash=\"#elementor-action%3Aaction%3Dlightbox%26settings%3DeyJpZCI6MjM5MSwidXJsIjoiaHR0cHM6XC9cL2pmYi1zdGlmdHVuZy5kZVwvc3Qta2xhcmEtYWx0b2V0dGluZ1wvd3AtY29udGVudFwvdXBsb2Fkc1wvc2l0ZXNcLzEwXC8yMDIxXC8wNlwvS2xhcmFfYXVzc2VuX1N0YW5kYmlsZF9JSS5qcGciLCJzbGlkZXNob3ciOiJkNWZhNDgifQ%3D%3D\" href=\"https:\/\/jfb-stiftung.de\/st-klara-altoetting\/wp-content\/uploads\/sites\/10\/2021\/06\/Klara_aussen_Standbild_II.jpg\"><figure class=\"swiper-slide-inner\"><img decoding=\"async\" class=\"swiper-slide-image\" src=\"https:\/\/jfb-stiftung.de\/st-klara-altoetting\/wp-content\/uploads\/sites\/10\/2021\/06\/Klara_aussen_Standbild_II-500x500.jpg\" alt=\"charset=Ascii\" \/><\/figure><\/a><\/div><div class=\"swiper-slide\" role=\"group\" aria-roledescription=\"slide\" aria-label=\"4 von 5\"><a data-elementor-open-lightbox=\"yes\" data-elementor-lightbox-slideshow=\"d5fa48\" data-elementor-lightbox-title=\"charset=Ascii\" data-e-action-hash=\"#elementor-action%3Aaction%3Dlightbox%26settings%3DeyJpZCI6MjQ2NywidXJsIjoiaHR0cHM6XC9cL2pmYi1zdGlmdHVuZy5kZVwvc3Qta2xhcmEtYWx0b2V0dGluZ1wvd3AtY29udGVudFwvdXBsb2Fkc1wvc2l0ZXNcLzEwXC8yMDIxXC8wNlwvSG9jaGJlZXRlX1RQLVJFaXNjaGFjaC5qcGciLCJzbGlkZXNob3ciOiJkNWZhNDgifQ%3D%3D\" href=\"https:\/\/jfb-stiftung.de\/st-klara-altoetting\/wp-content\/uploads\/sites\/10\/2021\/06\/Hochbeete_TP-REischach.jpg\"><figure class=\"swiper-slide-inner\"><img decoding=\"async\" class=\"swiper-slide-image\" src=\"https:\/\/jfb-stiftung.de\/st-klara-altoetting\/wp-content\/uploads\/sites\/10\/2021\/06\/Hochbeete_TP-REischach-500x500.jpg\" alt=\"charset=Ascii\" \/><\/figure><\/a><\/div><div class=\"swiper-slide\" role=\"group\" aria-roledescription=\"slide\" aria-label=\"5 von 5\"><a data-elementor-open-lightbox=\"yes\" data-elementor-lightbox-slideshow=\"d5fa48\" data-elementor-lightbox-title=\"charset=Ascii\" data-e-action-hash=\"#elementor-action%3Aaction%3Dlightbox%26settings%3DeyJpZCI6MjM5NiwidXJsIjoiaHR0cHM6XC9cL2pmYi1zdGlmdHVuZy5kZVwvc3Qta2xhcmEtYWx0b2V0dGluZ1wvd3AtY29udGVudFwvdXBsb2Fkc1wvc2l0ZXNcLzEwXC8yMDIxXC8wNlwvUGFya2FubGFnZV9LbGFyYV9TdGFuZGJpbGQuanBnIiwic2xpZGVzaG93IjoiZDVmYTQ4In0%3D\" href=\"https:\/\/jfb-stiftung.de\/st-klara-altoetting\/wp-content\/uploads\/sites\/10\/2021\/06\/Parkanlage_Klara_Standbild.jpg\"><figure class=\"swiper-slide-inner\"><img decoding=\"async\" class=\"swiper-slide-image\" src=\"https:\/\/jfb-stiftung.de\/st-klara-altoetting\/wp-content\/uploads\/sites\/10\/2021\/06\/Parkanlage_Klara_Standbild-500x500.jpg\" alt=\"charset=Ascii\" \/><\/figure><\/a><\/div>\t\t\t<\/div>\n\t\t\t\t\t\t\t\t\t\t\t\t<div class=\"elementor-swiper-button elementor-swiper-button-prev\" role=\"button\" tabindex=\"0\">\n\t\t\t\t\t\t<svg aria-hidden=\"true\" class=\"e-font-icon-svg e-eicon-chevron-left\" viewBox=\"0 0 1000 1000\" xmlns=\"http:\/\/www.w3.org\/2000\/svg\"><path d=\"M646 125C629 125 613 133 604 142L308 442C296 454 292 471 292 487 292 504 296 521 308 533L604 854C617 867 629 875 646 875 663 875 679 871 692 858 704 846 713 829 713 812 713 796 708 779 692 767L438 487 692 225C700 217 708 204 708 187 708 171 704 154 692 142 675 129 663 125 646 125Z\"><\/path><\/svg>\t\t\t\t\t<\/div>\n\t\t\t\t\t<div class=\"elementor-swiper-button elementor-swiper-button-next\" role=\"button\" tabindex=\"0\">\n\t\t\t\t\t\t<svg aria-hidden=\"true\" class=\"e-font-icon-svg e-eicon-chevron-right\" viewBox=\"0 0 1000 1000\" xmlns=\"http:\/\/www.w3.org\/2000\/svg\"><path d=\"M696 533C708 521 713 504 713 487 713 471 708 454 696 446L400 146C388 133 375 125 354 125 338 125 325 129 313 142 300 154 292 171 292 187 292 204 296 221 308 233L563 492 304 771C292 783 288 800 288 817 288 833 296 850 308 863 321 871 338 875 354 875 371 875 388 867 400 854L696 533Z\"><\/path><\/svg>\t\t\t\t\t<\/div>\n\t\t\t\t\n\t\t\t\t\t\t\t\t\t<div class=\"swiper-pagination\"><\/div>\n\t\t\t\t\t\t\t\t\t<\/div>\n\t\t\t\t\t\t<\/div>\n\t\t\t\t<\/div>\n\t\t\t\t\t<\/div>\n\t\t<\/section>\n\t\t\t\t\t<\/div>\n\t\t<\/section>\n\t\t\t\t<\/div>\n\t\t","protected":false},"excerpt":{"rendered":"<p>Wir bieten in unserer Einrichtung vollstation\u00e4re Pflege, Kurzzeitpflege und Tagespflege an. Diese erfolgt nach dem Prinzip der Bezugspflege. Unser Team von Mitarbeitenden steht f\u00fcr Sie als Ansprechpartner*in f\u00fcr W\u00fcnsche, Fragen, \u2026<\/p>\n","protected":false},"author":1,"featured_media":0,"parent":0,"menu_order":10,"comment_status":"closed","ping_status":"closed","template":"","meta":{"_acf_changed":false,"footnotes":""},"class_list":["post-32","page","type-page","status-publish","hentry"],"acf":[],"publishpress_future_action":{"enabled":false,"date":"2026-04-28 11:05:58","action":"change-status","newStatus":"draft","terms":[],"taxonomy":"","extraData":[]},"publishpress_future_workflow_manual_trigger":{"enabledWorkflows":[]},"_links":{"self":[{"href":"https:\/\/jfb-stiftung.de\/st-klara-altoetting\/wp-json\/wp\/v2\/pages\/32","targetHints":{"allow":["GET"]}}],"collection":[{"href":"https:\/\/jfb-stiftung.de\/st-klara-altoetting\/wp-json\/wp\/v2\/pages"}],"about":[{"href":"https:\/\/jfb-stiftung.de\/st-klara-altoetting\/wp-json\/wp\/v2\/types\/page"}],"author":[{"embeddable":true,"href":"https:\/\/jfb-stiftung.de\/st-klara-altoetting\/wp-json\/wp\/v2\/users\/1"}],"replies":[{"embeddable":true,"href":"https:\/\/jfb-stiftung.de\/st-klara-altoetting\/wp-json\/wp\/v2\/comments?post=32"}],"version-history":[{"count":3,"href":"https:\/\/jfb-stiftung.de\/st-klara-altoetting\/wp-json\/wp\/v2\/pages\/32\/revisions"}],"predecessor-version":[{"id":5305,"href":"https:\/\/jfb-stiftung.de\/st-klara-altoetting\/wp-json\/wp\/v2\/pages\/32\/revisions\/5305"}],"wp:attachment":[{"href":"https:\/\/jfb-stiftung.de\/st-klara-altoetting\/wp-json\/wp\/v2\/media?parent=32"}],"curies":[{"name":"wp","href":"https:\/\/api.w.org\/{rel}","templated":true}]}}