{"id":2771,"date":"2021-04-28T08:42:23","date_gmt":"2021-04-28T07:42:23","guid":{"rendered":"https:\/\/jfb-stiftung.de\/st-klara-altoetting\/impressum\/"},"modified":"2025-11-05T09:22:00","modified_gmt":"2025-11-05T08:22:00","slug":"impressum","status":"publish","type":"page","link":"https:\/\/jfb-stiftung.de\/st-klara-altoetting\/impressum\/","title":{"rendered":"Impressum"},"content":{"rendered":"\t\t<div data-elementor-type=\"wp-page\" data-elementor-id=\"2771\" class=\"elementor elementor-2771\" data-elementor-post-type=\"page\">\n\t\t\t\t\t\t<section class=\"elementor-section elementor-top-section elementor-element elementor-element-1a185d0f elementor-section-stretched elementor-section-content-top container-main  elementor-section-boxed elementor-section-height-default elementor-section-height-default\" data-id=\"1a185d0f\" data-element_type=\"section\" data-e-type=\"section\" data-settings=\"{&quot;background_background&quot;:&quot;classic&quot;,&quot;stretch_section&quot;:&quot;section-stretched&quot;}\">\n\t\t\t\t\t\t<div class=\"elementor-container elementor-column-gap-default\">\n\t\t\t\t\t<section class=\"elementor-column elementor-col-100 elementor-top-column elementor-element elementor-element-361c8474\" data-id=\"361c8474\" data-element_type=\"column\" data-e-type=\"column\">\n\t\t\t<div class=\"elementor-widget-wrap elementor-element-populated\">\n\t\t\t\t\t\t<div class=\"elementor-element elementor-element-5240d76d elementor-widget elementor-widget-wp-widget-xyz_insert_php_widget\" data-id=\"5240d76d\" data-element_type=\"widget\" data-e-type=\"widget\" data-widget_type=\"wp-widget-xyz_insert_php_widget.default\">\n\t\t\t\t<div class=\"elementor-widget-container\">\n\t\t\t\t\t<h5> <\/h5><nav aria-label=\"breadcrumbs\" class=\"rank-math-breadcrumb\"><p><span class=\"last\">Startseite<\/span><\/p><\/nav>\t\t\t\t<\/div>\n\t\t\t\t<\/div>\n\t\t\t\t<section class=\"elementor-section elementor-inner-section elementor-element elementor-element-761f8e9 elementor-section-content-bottom elementor-section-boxed elementor-section-height-default elementor-section-height-default\" data-id=\"761f8e9\" data-element_type=\"section\" data-e-type=\"section\">\n\t\t\t\t\t\t<div class=\"elementor-container elementor-column-gap-extended\">\n\t\t\t\t\t<div class=\"elementor-column elementor-col-100 elementor-inner-column elementor-element elementor-element-0c54deb\" data-id=\"0c54deb\" data-element_type=\"column\" data-e-type=\"column\">\n\t\t\t<div class=\"elementor-widget-wrap elementor-element-populated\">\n\t\t\t\t\t\t<div class=\"elementor-element elementor-element-6dfc030 elementor-widget elementor-widget-heading\" data-id=\"6dfc030\" data-element_type=\"widget\" data-e-type=\"widget\" data-widget_type=\"heading.default\">\n\t\t\t\t<div class=\"elementor-widget-container\">\n\t\t\t\t\t<h3 class=\"elementor-heading-title elementor-size-default\">Jacob Friedrich Bussereau Stiftung<\/h3>\t\t\t\t<\/div>\n\t\t\t\t<\/div>\n\t\t\t\t<div class=\"elementor-element elementor-element-a45be3a elementor-widget elementor-widget-text-editor\" data-id=\"a45be3a\" data-element_type=\"widget\" data-e-type=\"widget\" data-widget_type=\"text-editor.default\">\n\t\t\t\t<div class=\"elementor-widget-container\">\n\t\t\t\t\t\t\t\t\t<p>Bussereaustra\u00dfe 18<br \/>D-76863 Herxheim<br \/>Telefon: <a href=\"tel:+4972765070\">+49 (0) 7276 507-0<\/a><br \/>E-Mail: <a href=\"mailto:info@jfb-stiftung.de\">info@jfb-stiftung.de<\/a><\/p>\t\t\t\t\t\t\t\t<\/div>\n\t\t\t\t<\/div>\n\t\t\t\t<div class=\"elementor-element elementor-element-20a0d18 elementor-widget elementor-widget-text-editor\" data-id=\"20a0d18\" data-element_type=\"widget\" data-e-type=\"widget\" data-widget_type=\"text-editor.default\">\n\t\t\t\t<div class=\"elementor-widget-container\">\n\t\t\t\t\t\t\t\t\t<p><b>Rechtsform<\/b><br \/>Die Jacob Friedrich Bussereau Stiftung ist der Rechtsform nach eine kirchliche Stiftung des \u00f6ffentlichen Rechts mit Sitz in Herxheim in der Pfalz.<\/p><p><strong>Vertretung<\/strong><br \/>Die Jacob Friedrich Bussereau Stiftung wird vertreten durch den Vorstand.<\/p><p><b>Vertretungsberechtigt:<\/b><br \/>Vorst\u00e4ndin: Christa Lichtenegger<\/p><p><strong>Zust\u00e4ndige Aufsichtsbeh\u00f6rde<\/strong><br \/>Die Stiftung unterliegt der Aufsicht des Bischofs von Speyer.<br \/>Stiftungsaufsichtsbeh\u00f6rde ist entsprechend kirchlicher Vorschrift das Bisch\u00f6fliche Ordinariat in Speyer.<\/p><p><strong>Angaben zum Unternehmen<\/strong><br \/>Umsatzsteuer Identifikationsnummer (USt-ID): DE 211472122<\/p><p><strong>Hinweis zu Inhalten der Internetseite<\/strong><br \/>Die Jacob Friedrich Bussereau Stiftung als Anbieter dieser Internetseite \u00fcbernimmt f\u00fcr die frei zug\u00e4nglichen und kostenlosen Inhalte der Internetseite keine Gew\u00e4hr f\u00fcr Aktualit\u00e4t und Richtigkeit der bereitgestellten Informationen. Durch den Aufruf der Inhalte kommt keinerlei Vertragsverh\u00e4ltnis zwischen Nutzer*in und Anbieter zustande, insoweit fehlt es am Rechtsbindungswillen des Anbieters.<br \/>Sind ggf. Beitr\u00e4ge namentlich gekennzeichnet, geben diese die Meinung der\/des jeweiligen Autor*in wieder und nicht die des Anbieters.<\/p><p><b>Medizinproduktebeauftragte nach Medizinprodukte-Betreiberverordnung: <br \/><\/b>E-Mail: <a href=\"mailto:medizinproduktesicherheit@jfb-stiftung.de\" target=\"_blank\" rel=\"noopener\">medizinproduktesicherheit@jfb-stiftung.de<\/a><\/p><p><strong>Bildquellen\/Fotograf*innen: <\/strong><\/p><ul><li>Helmut Dudenh\u00f6ffer<\/li><li>Sabrina von Bein\u00a0<\/li><li>Oskar Hecht<\/li><li>VdPB \/ Thomas Dashuber<\/li><li>Archive der Jacob Friedrich Bussereau Stiftung<\/li><\/ul><p><strong>Externe Links<br \/><\/strong>Diese Internetseite enth\u00e4lt Verkn\u00fcpfungen zu Websites Dritter (\u201eexterne Links\u201c). Diese Websites unterliegen der Haftung der jeweiligen Betreiber. Der Anbieter hat bei der erstmaligen Verkn\u00fcpfung der externen Links die fremden Inhalte daraufhin \u00fcberpr\u00fcft, ob etwaige Rechtsverst\u00f6\u00dfe bestehen. Zu dem Zeitpunkt waren keine Rechtsverst\u00f6\u00dfe ersichtlich. Der Anbieter hat keinerlei Einfluss auf die aktuelle und zuk\u00fcnftige Gestaltung und auf die Inhalte der verkn\u00fcpften Seiten. Das Setzen von externen Links bedeutet nicht, dass sich der Anbieter die hinter dem Verweis oder Link liegenden Inhalte zu Eigen macht. Eine st\u00e4ndige Kontrolle der externen Links ist f\u00fcr den Anbieter ohne konkrete Hinweise auf Rechtsverst\u00f6\u00dfe nicht zumutbar. Bei Kenntnis von Rechtsverst\u00f6\u00dfen werden jedoch derartige externe Links unverz\u00fcglich gel\u00f6scht.<br \/>Quelle: <a href=\"https:\/\/www.juraforum.de\/disclaimer_muster\/\" rel=\"nofollow noopener\" target=\"_blank\">https:\/\/www.juraforum.de\/disclaimer_muster\/<\/a><\/p><p>Weitere Informationen entnehmen Sie bitte unserer Datenschutzerkl\u00e4rung unter dem Punkt Einbindung von Diensten und Inhalten Dritter.<\/p><p><strong>Streitschlichtung<\/strong><br \/>Wir sind nicht bereit oder verpflichtet, an Streitbeilegungsverfahren vor einer Verbraucherschlichtungsstelle teilzunehmen.<\/p><p><strong>Copyright<\/strong><br \/>S\u00e4mtliche Inhalte der Internetseite mit allen Unterseiten sind urheberrechtlich gesch\u00fctzt und unterliegen dem deutschen Urheber- und Leistungsschutzrecht. Dies sind insbesondere Texte, Bilder und Grafiken sowie Layout. Nur mit schriftlicher Genehmigung der Jacob Friedrich Bussereau Stiftung d\u00fcrfen diese vervielf\u00e4ltigt, publiziert, in elektronische Datenbanken und \u2013tr\u00e4ger \u00fcbernommen oder wiedergegeben, noch in sonstiger Form verwendet werden. Ein Zuwiderhandeln ist strafbar.<br \/>Lediglich f\u00fcr den privaten, pers\u00f6nlichen und nicht kommerziellen Gebrauch ist das Erstellen von Kopien und Downloads erlaubt. Eine Darstellung dieser Internetseite in fremden Frames ist nur mit schriftlicher Erlaubnis zul\u00e4ssig.<\/p>\t\t\t\t\t\t\t\t<\/div>\n\t\t\t\t<\/div>\n\t\t\t\t<div class=\"elementor-element elementor-element-13544aa elementor-widget elementor-widget-text-editor\" data-id=\"13544aa\" data-element_type=\"widget\" data-e-type=\"widget\" data-widget_type=\"text-editor.default\">\n\t\t\t\t<div class=\"elementor-widget-container\">\n\t\t\t\t\t\t\t\t\t<h4>Konzeption und Programmierung<\/h4><p><strong style=\"font-weight: 400;\">modus: medien + kommunikation gmbh<\/strong><br \/><a href=\"https:\/\/modus-media.de\" target=\"_blank\" rel=\"noopener nofollow\">www.modus-media.de<\/a><\/p>\t\t\t\t\t\t\t\t<\/div>\n\t\t\t\t<\/div>\n\t\t\t\t\t<\/div>\n\t\t<\/div>\n\t\t\t\t\t<\/div>\n\t\t<\/section>\n\t\t\t\t\t<\/div>\n\t\t<\/section>\n\t\t\t\t\t<\/div>\n\t\t<\/section>\n\t\t\t\t<\/div>\n\t\t","protected":false},"excerpt":{"rendered":"<p>Jacob Friedrich Bussereau Stiftung Bussereaustra\u00dfe 18D-76863 HerxheimTelefon: +49 (0) 7276 507-0E-Mail: info@jfb-stiftung.de RechtsformDie Jacob Friedrich Bussereau Stiftung ist der Rechtsform nach eine kirchliche Stiftung des \u00f6ffentlichen Rechts mit Sitz in \u2026<\/p>\n","protected":false},"author":1,"featured_media":0,"parent":0,"menu_order":910,"comment_status":"closed","ping_status":"closed","template":"","meta":{"_acf_changed":false,"footnotes":""},"class_list":["post-2771","page","type-page","status-publish","hentry"],"acf":[],"publishpress_future_action":{"enabled":false,"date":"2026-04-22 06:42:22","action":"change-status","newStatus":"draft","terms":[],"taxonomy":"","extraData":[]},"publishpress_future_workflow_manual_trigger":{"enabledWorkflows":[]},"_links":{"self":[{"href":"https:\/\/jfb-stiftung.de\/st-klara-altoetting\/wp-json\/wp\/v2\/pages\/2771","targetHints":{"allow":["GET"]}}],"collection":[{"href":"https:\/\/jfb-stiftung.de\/st-klara-altoetting\/wp-json\/wp\/v2\/pages"}],"about":[{"href":"https:\/\/jfb-stiftung.de\/st-klara-altoetting\/wp-json\/wp\/v2\/types\/page"}],"author":[{"embeddable":true,"href":"https:\/\/jfb-stiftung.de\/st-klara-altoetting\/wp-json\/wp\/v2\/users\/1"}],"replies":[{"embeddable":true,"href":"https:\/\/jfb-stiftung.de\/st-klara-altoetting\/wp-json\/wp\/v2\/comments?post=2771"}],"version-history":[{"count":3,"href":"https:\/\/jfb-stiftung.de\/st-klara-altoetting\/wp-json\/wp\/v2\/pages\/2771\/revisions"}],"predecessor-version":[{"id":5218,"href":"https:\/\/jfb-stiftung.de\/st-klara-altoetting\/wp-json\/wp\/v2\/pages\/2771\/revisions\/5218"}],"wp:attachment":[{"href":"https:\/\/jfb-stiftung.de\/st-klara-altoetting\/wp-json\/wp\/v2\/media?parent=2771"}],"curies":[{"name":"wp","href":"https:\/\/api.w.org\/{rel}","templated":true}]}}