{"id":1977,"date":"2021-05-14T11:29:40","date_gmt":"2021-05-14T09:29:40","guid":{"rendered":"https:\/\/jfb-stiftung.de\/pflegeteam-hofmark\/?page_id=1977"},"modified":"2023-09-14T10:17:23","modified_gmt":"2023-09-14T08:17:23","slug":"hauswirtschaftliche-unterstuetzung","status":"publish","type":"page","link":"https:\/\/jfb-stiftung.de\/pflegeteam-hofmark\/leistungen\/hauswirtschaftliche-unterstuetzung\/","title":{"rendered":"Hauswirtschaftliche Unterst\u00fctzung"},"content":{"rendered":"\t\t<div data-elementor-type=\"wp-page\" data-elementor-id=\"1977\" class=\"elementor elementor-1977\" data-elementor-post-type=\"page\">\n\t\t\t\t\t\t<section class=\"elementor-section elementor-top-section elementor-element elementor-element-188cd309 elementor-section-full_width elementor-section-stretched elementor-section-height-default elementor-section-height-default\" data-id=\"188cd309\" data-element_type=\"section\" data-e-type=\"section\" data-settings=\"{&quot;stretch_section&quot;:&quot;section-stretched&quot;}\">\n\t\t\t\t\t\t<div class=\"elementor-container elementor-column-gap-no\">\n\t\t\t\t\t<div class=\"elementor-column elementor-col-100 elementor-top-column elementor-element elementor-element-6894fe74\" data-id=\"6894fe74\" data-element_type=\"column\" data-e-type=\"column\">\n\t\t\t<div class=\"elementor-widget-wrap elementor-element-populated\">\n\t\t\t\t\t\t<div class=\"elementor-element elementor-element-1f9d5ab5 elementor--h-position-left elementor--v-position-bottom elementor-arrows-position-inside elementor-pagination-position-inside elementor-widget elementor-widget-slides\" data-id=\"1f9d5ab5\" data-element_type=\"widget\" data-e-type=\"widget\" data-settings=\"{&quot;autoplay_speed&quot;:&quot;10000&quot;,&quot;navigation&quot;:&quot;both&quot;,&quot;autoplay&quot;:&quot;yes&quot;,&quot;pause_on_hover&quot;:&quot;yes&quot;,&quot;pause_on_interaction&quot;:&quot;yes&quot;,&quot;infinite&quot;:&quot;yes&quot;,&quot;transition&quot;:&quot;slide&quot;,&quot;transition_speed&quot;:500}\" data-widget_type=\"slides.default\">\n\t\t\t\t<div class=\"elementor-widget-container\">\n\t\t\t\t\t\t\t\t\t<div class=\"elementor-swiper\">\n\t\t\t\t\t<div class=\"elementor-slides-wrapper elementor-main-swiper swiper\" role=\"region\" aria-roledescription=\"carousel\" aria-label=\"Slider\" dir=\"ltr\" data-animation=\"fadeInLeft\">\n\t\t\t\t<div class=\"swiper-wrapper elementor-slides\">\n\t\t\t\t\t\t\t\t\t\t<div class=\"elementor-repeater-item-4c02bf4 swiper-slide\" role=\"group\" aria-roledescription=\"slide\"><div class=\"swiper-slide-bg\" role=\"img\" aria-label=\"Hauswirtschaft_web\"><\/div><div class=\"swiper-slide-inner\" ><div class=\"swiper-slide-contents\"><\/div><\/div><\/div>\t\t\t\t<\/div>\n\t\t\t\t\t\t\t<\/div>\n\t\t\t\t<\/div>\n\t\t\t\t\t\t\t\t<\/div>\n\t\t\t\t<\/div>\n\t\t\t\t\t<\/div>\n\t\t<\/div>\n\t\t\t\t\t<\/div>\n\t\t<\/section>\n\t\t\t\t<section class=\"elementor-section elementor-top-section elementor-element elementor-element-5c866292 elementor-section-stretched elementor-section-content-top container-main content-sidebars elementor-section-boxed elementor-section-height-default elementor-section-height-default\" data-id=\"5c866292\" data-element_type=\"section\" data-e-type=\"section\" data-settings=\"{&quot;background_background&quot;:&quot;classic&quot;,&quot;stretch_section&quot;:&quot;section-stretched&quot;}\">\n\t\t\t\t\t\t<div class=\"elementor-container elementor-column-gap-default\">\n\t\t\t\t\t<section class=\"elementor-column elementor-col-100 elementor-top-column elementor-element elementor-element-70e1b377\" data-id=\"70e1b377\" data-element_type=\"column\" data-e-type=\"column\">\n\t\t\t<div class=\"elementor-widget-wrap elementor-element-populated\">\n\t\t\t\t\t\t<div class=\"elementor-element elementor-element-59f1436a elementor-widget elementor-widget-spacer\" data-id=\"59f1436a\" data-element_type=\"widget\" data-e-type=\"widget\" data-widget_type=\"spacer.default\">\n\t\t\t\t<div class=\"elementor-widget-container\">\n\t\t\t\t\t\t\t<div class=\"elementor-spacer\">\n\t\t\t<div class=\"elementor-spacer-inner\"><\/div>\n\t\t<\/div>\n\t\t\t\t\t\t<\/div>\n\t\t\t\t<\/div>\n\t\t\t\t<div class=\"elementor-element elementor-element-7c48d582 elementor-widget elementor-widget-wp-widget-xyz_insert_php_widget\" data-id=\"7c48d582\" data-element_type=\"widget\" data-e-type=\"widget\" data-widget_type=\"wp-widget-xyz_insert_php_widget.default\">\n\t\t\t\t<div class=\"elementor-widget-container\">\n\t\t\t\t\t<h5> <\/h5><nav aria-label=\"breadcrumbs\" class=\"rank-math-breadcrumb\"><p><span class=\"last\">Startseite<\/span><\/p><\/nav>\t\t\t\t<\/div>\n\t\t\t\t<\/div>\n\t\t\t\t<div class=\"elementor-element elementor-element-752cdd2c hyphenate elementor-widget elementor-widget-theme-post-title elementor-page-title elementor-widget-heading\" data-id=\"752cdd2c\" data-element_type=\"widget\" data-e-type=\"widget\" data-widget_type=\"theme-post-title.default\">\n\t\t\t\t<div class=\"elementor-widget-container\">\n\t\t\t\t\t<h1 class=\"elementor-heading-title elementor-size-default\">Hauswirtschaftliche Unterst\u00fctzung<\/h1>\t\t\t\t<\/div>\n\t\t\t\t<\/div>\n\t\t\t\t<div class=\"elementor-element elementor-element-299d737b elementor-widget elementor-widget-heading\" data-id=\"299d737b\" data-element_type=\"widget\" data-e-type=\"widget\" data-widget_type=\"heading.default\">\n\t\t\t\t<div class=\"elementor-widget-container\">\n\t\t\t\t\t<h4 class=\"elementor-heading-title elementor-size-default\">zuverl\u00e4ssig -  freundlich - gewissenhaft <\/h4>\t\t\t\t<\/div>\n\t\t\t\t<\/div>\n\t\t\t\t<div class=\"elementor-element elementor-element-67adb8 elementor-widget elementor-widget-text-editor\" data-id=\"67adb8\" data-element_type=\"widget\" data-e-type=\"widget\" data-widget_type=\"text-editor.default\">\n\t\t\t\t<div class=\"elementor-widget-container\">\n\t\t\t\t\t\t\t\t\t<p>Eine gro\u00dfe Mehrheit unserer betreuten Kundinnen &amp; Kunden hat den Einstieg zur ambulanten Pflege \u00fcber die hauswirtschaftliche Versorgung gefunden.<\/p><p>Somit ist es uns ein gro\u00dfes Anliegen diese Versorgungsvariante anzubieten, um hierdurch auch weitestgehend Ihr Vertrauen in uns zu st\u00e4rken.<\/p><p>Unsere Mitarbeiter*innen der Hauswirtschaft besitzen eine hohe Fachkompetenz und ein emphatisches Auftreten, durch ihre Fachkompetenz f\u00fchren sie die hauswirtschaftlichen Aufgaben nach neuesten hygienischen Kenntnissen durch. Nat\u00fcrlich werden <br \/>ihre individuellen W\u00fcnsche, soweit dies m\u00f6glich ist, ber\u00fccksichtigt.<\/p><p>Sollte Interesse an einer hauswirtschaftlichen Versorgung bestehen, oder m\u00f6chten Sie sich unverbindlich informieren, setzen Sie sich gerne mit unserer Pflegedienstleitung vor Ort in Verbindung und vereinbaren Sie einen Termin.<\/p><p>Gerne vereinbaren wir auch einen Termin bei Ihnen zu Hause.<\/p>\t\t\t\t\t\t\t\t<\/div>\n\t\t\t\t<\/div>\n\t\t\t\t<div class=\"elementor-element elementor-element-bbcc286 elementor-widget elementor-widget-spacer\" data-id=\"bbcc286\" data-element_type=\"widget\" data-e-type=\"widget\" data-widget_type=\"spacer.default\">\n\t\t\t\t<div class=\"elementor-widget-container\">\n\t\t\t\t\t\t\t<div class=\"elementor-spacer\">\n\t\t\t<div class=\"elementor-spacer-inner\"><\/div>\n\t\t<\/div>\n\t\t\t\t\t\t<\/div>\n\t\t\t\t<\/div>\n\t\t\t\t\t<\/div>\n\t\t<\/section>\n\t\t\t\t\t<\/div>\n\t\t<\/section>\n\t\t\t\t<section class=\"elementor-section elementor-top-section elementor-element elementor-element-130d6374 elementor-section-stretched elementor-section-content-top container-main  elementor-section-boxed elementor-section-height-default elementor-section-height-default\" data-id=\"130d6374\" data-element_type=\"section\" data-e-type=\"section\" data-settings=\"{&quot;background_background&quot;:&quot;classic&quot;,&quot;stretch_section&quot;:&quot;section-stretched&quot;}\">\n\t\t\t\t\t\t<div class=\"elementor-container elementor-column-gap-default\">\n\t\t\t\t\t<section class=\"elementor-column elementor-col-100 elementor-top-column elementor-element elementor-element-8d2e20\" data-id=\"8d2e20\" data-element_type=\"column\" data-e-type=\"column\">\n\t\t\t<div class=\"elementor-widget-wrap elementor-element-populated\">\n\t\t\t\t\t\t<div class=\"elementor-element elementor-element-683e891f elementor-widget elementor-widget-heading\" data-id=\"683e891f\" data-element_type=\"widget\" data-e-type=\"widget\" data-widget_type=\"heading.default\">\n\t\t\t\t<div class=\"elementor-widget-container\">\n\t\t\t\t\t<h2 class=\"elementor-heading-title elementor-size-default\">Wir sind f\u00fcr Sie da <\/h2>\t\t\t\t<\/div>\n\t\t\t\t<\/div>\n\t\t\t\t<div class=\"elementor-element elementor-element-19e89360 elementor-arrows-position-inside elementor-pagination-position-outside elementor-widget elementor-widget-image-carousel\" data-id=\"19e89360\" data-element_type=\"widget\" data-e-type=\"widget\" data-settings=\"{&quot;autoplay_speed&quot;:10000,&quot;navigation&quot;:&quot;both&quot;,&quot;autoplay&quot;:&quot;yes&quot;,&quot;pause_on_hover&quot;:&quot;yes&quot;,&quot;pause_on_interaction&quot;:&quot;yes&quot;,&quot;infinite&quot;:&quot;yes&quot;,&quot;speed&quot;:500,&quot;image_spacing_custom&quot;:{&quot;unit&quot;:&quot;px&quot;,&quot;size&quot;:20,&quot;sizes&quot;:[]},&quot;image_spacing_custom_tablet&quot;:{&quot;unit&quot;:&quot;px&quot;,&quot;size&quot;:&quot;&quot;,&quot;sizes&quot;:[]},&quot;image_spacing_custom_mobile&quot;:{&quot;unit&quot;:&quot;px&quot;,&quot;size&quot;:&quot;&quot;,&quot;sizes&quot;:[]}}\" data-widget_type=\"image-carousel.default\">\n\t\t\t\t<div class=\"elementor-widget-container\">\n\t\t\t\t\t\t\t<div class=\"elementor-image-carousel-wrapper swiper\" role=\"region\" aria-roledescription=\"carousel\" aria-label=\"Bild Karussell\" dir=\"ltr\">\n\t\t\t<div class=\"elementor-image-carousel swiper-wrapper swiper-image-stretch\" aria-live=\"off\">\n\t\t\t\t\t\t\t\t<div class=\"swiper-slide\" role=\"group\" aria-roledescription=\"slide\" aria-label=\"1 von 3\"><a data-elementor-open-lightbox=\"yes\" data-elementor-lightbox-slideshow=\"19e89360\" data-elementor-lightbox-title=\"Mitarbeiterin Dienstwagen\" data-e-action-hash=\"#elementor-action%3Aaction%3Dlightbox%26settings%3DeyJpZCI6MjQ0MSwidXJsIjoiaHR0cHM6XC9cL2pmYi1zdGlmdHVuZy5kZVwvcGZsZWdldGVhbS1ob2ZtYXJrXC93cC1jb250ZW50XC91cGxvYWRzXC9zaXRlc1wvMTFcLzIwMjFcLzA2XC9NaXRhcmJlaXRlcmluLURpZW5zdHdhZ2VuLXNjYWxlZC5qcGciLCJzbGlkZXNob3ciOiIxOWU4OTM2MCJ9\" href=\"https:\/\/jfb-stiftung.de\/pflegeteam-hofmark\/wp-content\/uploads\/sites\/11\/2021\/06\/Mitarbeiterin-Dienstwagen-scaled.jpg\"><figure class=\"swiper-slide-inner\"><img decoding=\"async\" class=\"swiper-slide-image\" src=\"https:\/\/jfb-stiftung.de\/pflegeteam-hofmark\/wp-content\/uploads\/sites\/11\/2021\/06\/Mitarbeiterin-Dienstwagen-500x500.jpg\" alt=\"Mitarbeiterin Dienstwagen\" \/><\/figure><\/a><\/div><div class=\"swiper-slide\" role=\"group\" aria-roledescription=\"slide\" aria-label=\"2 von 3\"><a data-elementor-open-lightbox=\"yes\" data-elementor-lightbox-slideshow=\"19e89360\" data-elementor-lightbox-title=\"zwei Damen im Hof_Hofmark_Standbild\" data-e-action-hash=\"#elementor-action%3Aaction%3Dlightbox%26settings%3DeyJpZCI6MjQxOSwidXJsIjoiaHR0cHM6XC9cL2pmYi1zdGlmdHVuZy5kZVwvcGZsZWdldGVhbS1ob2ZtYXJrXC93cC1jb250ZW50XC91cGxvYWRzXC9zaXRlc1wvMTFcLzIwMjFcLzA2XC96d2VpLURhbWVuLWltLUhvZl9Ib2ZtYXJrX1N0YW5kYmlsZC5qcGciLCJzbGlkZXNob3ciOiIxOWU4OTM2MCJ9\" href=\"https:\/\/jfb-stiftung.de\/pflegeteam-hofmark\/wp-content\/uploads\/sites\/11\/2021\/06\/zwei-Damen-im-Hof_Hofmark_Standbild.jpg\"><figure class=\"swiper-slide-inner\"><img decoding=\"async\" class=\"swiper-slide-image\" src=\"https:\/\/jfb-stiftung.de\/pflegeteam-hofmark\/wp-content\/uploads\/sites\/11\/2021\/06\/zwei-Damen-im-Hof_Hofmark_Standbild-500x500.jpg\" alt=\"zwei Damen im Hof_Hofmark_Standbild\" \/><\/figure><\/a><\/div><div class=\"swiper-slide\" role=\"group\" aria-roledescription=\"slide\" aria-label=\"3 von 3\"><a data-elementor-open-lightbox=\"yes\" data-elementor-lightbox-slideshow=\"19e89360\" data-elementor-lightbox-title=\"Menschen_Terrasse_Hofmark_Standbild\" data-e-action-hash=\"#elementor-action%3Aaction%3Dlightbox%26settings%3DeyJpZCI6MjQxOCwidXJsIjoiaHR0cHM6XC9cL2pmYi1zdGlmdHVuZy5kZVwvcGZsZWdldGVhbS1ob2ZtYXJrXC93cC1jb250ZW50XC91cGxvYWRzXC9zaXRlc1wvMTFcLzIwMjFcLzA2XC9NZW5zY2hlbl9UZXJyYXNzZV9Ib2ZtYXJrX1N0YW5kYmlsZC5qcGciLCJzbGlkZXNob3ciOiIxOWU4OTM2MCJ9\" href=\"https:\/\/jfb-stiftung.de\/pflegeteam-hofmark\/wp-content\/uploads\/sites\/11\/2021\/06\/Menschen_Terrasse_Hofmark_Standbild.jpg\"><figure class=\"swiper-slide-inner\"><img decoding=\"async\" class=\"swiper-slide-image\" src=\"https:\/\/jfb-stiftung.de\/pflegeteam-hofmark\/wp-content\/uploads\/sites\/11\/2021\/06\/Menschen_Terrasse_Hofmark_Standbild-500x500.jpg\" alt=\"Menschen_Terrasse_Hofmark_Standbild\" \/><\/figure><\/a><\/div>\t\t\t<\/div>\n\t\t\t\t\t\t\t\t\t\t\t\t<div class=\"elementor-swiper-button elementor-swiper-button-prev\" role=\"button\" tabindex=\"0\">\n\t\t\t\t\t\t<svg aria-hidden=\"true\" class=\"e-font-icon-svg e-eicon-chevron-left\" viewBox=\"0 0 1000 1000\" xmlns=\"http:\/\/www.w3.org\/2000\/svg\"><path d=\"M646 125C629 125 613 133 604 142L308 442C296 454 292 471 292 487 292 504 296 521 308 533L604 854C617 867 629 875 646 875 663 875 679 871 692 858 704 846 713 829 713 812 713 796 708 779 692 767L438 487 692 225C700 217 708 204 708 187 708 171 704 154 692 142 675 129 663 125 646 125Z\"><\/path><\/svg>\t\t\t\t\t<\/div>\n\t\t\t\t\t<div class=\"elementor-swiper-button elementor-swiper-button-next\" role=\"button\" tabindex=\"0\">\n\t\t\t\t\t\t<svg aria-hidden=\"true\" class=\"e-font-icon-svg e-eicon-chevron-right\" viewBox=\"0 0 1000 1000\" xmlns=\"http:\/\/www.w3.org\/2000\/svg\"><path d=\"M696 533C708 521 713 504 713 487 713 471 708 454 696 446L400 146C388 133 375 125 354 125 338 125 325 129 313 142 300 154 292 171 292 187 292 204 296 221 308 233L563 492 304 771C292 783 288 800 288 817 288 833 296 850 308 863 321 871 338 875 354 875 371 875 388 867 400 854L696 533Z\"><\/path><\/svg>\t\t\t\t\t<\/div>\n\t\t\t\t\n\t\t\t\t\t\t\t\t\t<div class=\"swiper-pagination\"><\/div>\n\t\t\t\t\t\t\t\t\t<\/div>\n\t\t\t\t\t\t<\/div>\n\t\t\t\t<\/div>\n\t\t\t\t\t<\/div>\n\t\t<\/section>\n\t\t\t\t\t<\/div>\n\t\t<\/section>\n\t\t\t\t<\/div>\n\t\t","protected":false},"excerpt":{"rendered":"<p>zuverl\u00e4ssig &#8211; freundlich &#8211; gewissenhaft Eine gro\u00dfe Mehrheit unserer betreuten Kundinnen &amp; Kunden hat den Einstieg zur ambulanten Pflege \u00fcber die hauswirtschaftliche Versorgung gefunden. Somit ist es uns ein gro\u00dfes \u2026<\/p>\n","protected":false},"author":1,"featured_media":0,"parent":1975,"menu_order":40,"comment_status":"closed","ping_status":"closed","template":"","meta":{"_acf_changed":false,"footnotes":""},"class_list":["post-1977","page","type-page","status-publish","hentry"],"acf":[],"publishpress_future_action":{"enabled":false,"date":"2026-05-04 21:29:55","action":"change-status","newStatus":"draft","terms":[],"taxonomy":"","extraData":[]},"publishpress_future_workflow_manual_trigger":{"enabledWorkflows":[]},"_links":{"self":[{"href":"https:\/\/jfb-stiftung.de\/pflegeteam-hofmark\/wp-json\/wp\/v2\/pages\/1977","targetHints":{"allow":["GET"]}}],"collection":[{"href":"https:\/\/jfb-stiftung.de\/pflegeteam-hofmark\/wp-json\/wp\/v2\/pages"}],"about":[{"href":"https:\/\/jfb-stiftung.de\/pflegeteam-hofmark\/wp-json\/wp\/v2\/types\/page"}],"author":[{"embeddable":true,"href":"https:\/\/jfb-stiftung.de\/pflegeteam-hofmark\/wp-json\/wp\/v2\/users\/1"}],"replies":[{"embeddable":true,"href":"https:\/\/jfb-stiftung.de\/pflegeteam-hofmark\/wp-json\/wp\/v2\/comments?post=1977"}],"version-history":[{"count":0,"href":"https:\/\/jfb-stiftung.de\/pflegeteam-hofmark\/wp-json\/wp\/v2\/pages\/1977\/revisions"}],"up":[{"embeddable":true,"href":"https:\/\/jfb-stiftung.de\/pflegeteam-hofmark\/wp-json\/wp\/v2\/pages\/1975"}],"wp:attachment":[{"href":"https:\/\/jfb-stiftung.de\/pflegeteam-hofmark\/wp-json\/wp\/v2\/media?parent=1977"}],"curies":[{"name":"wp","href":"https:\/\/api.w.org\/{rel}","templated":true}]}}